{"id":663,"date":"2024-10-01T14:29:44","date_gmt":"2024-10-01T14:29:44","guid":{"rendered":"http:\/\/fi-is.earle.shared.1984.is\/?post_type=product&#038;p=663"},"modified":"2024-10-01T15:42:17","modified_gmt":"2024-10-01T15:42:17","slug":"hornbjargsviti","status":"publish","type":"product","link":"http:\/\/fi-is.earle.shared.1984.is\/en\/product\/skalar\/hornbjargsviti\/","title":{"rendered":"Hornbjargsviti"},"content":{"rendered":"<p>\u00cd Hornbjargsvita er gistia\u00f0sta\u00f0a fyrir allt a\u00f0 40 manns.\u00a0H\u00fasi\u00f0 er st\u00f3rt og r\u00famgott. Sofi\u00f0 er \u00ed r\u00famum og kojum \u00ed sj\u00f6 a\u00f0skildum herbergjum. Gott eldh\u00fas er \u00e1 sta\u00f0num me\u00f0 \u00f6llum \u00e1h\u00f6ldum og \u00fatb\u00fana\u00f0i og b\u00e6\u00f0i rafmagns- og gaseldav\u00e9l. A\u00f0 auki er gott kolagrill vi\u00f0 h\u00fasi\u00f0.\u00a0 Vatnssalerni er inni \u00ed h\u00fasinu og sturta. G\u00f3\u00f0 a\u00f0sta\u00f0a er til a\u00f0 \u00feurrka blaut f\u00f6t og sk\u00f3.\u00a0 Vi\u00f0 h\u00fasi\u00f0 er tjaldsv\u00e6\u00f0i me\u00f0 a\u00f0gangi a\u00f0 vatnssalernum og a\u00f0st\u00f6\u00f0u til a\u00f0 elda og bor\u00f0a \u00ed g\u00f6mlu \u00fatih\u00fasi.<\/p>\n<p>Athugi\u00f0 a\u00f0 Hornbjargsviti er innan Fri\u00f0landsins \u00e1 Hornstr\u00f6ndum og hundar eru banna\u00f0ir \u00e1 sv\u00e6\u00f0inu.<\/p>\n<h3>Uppl\u00fdsingar<\/h3>\n<ul>\n<li>GPS sta\u00f0setning: N 66\u00b024.642 \u2013 W 22\u00b022.771<\/li>\n<li>S\u00edman\u00famer: 499 0724<\/li>\n<li>H\u00e6\u00f0 yfir sj\u00e1varm\u00e1li: 21m<\/li>\n<li>N\u00e6sti sk\u00e1li: Valgeirssta\u00f0ir \u00ed Nor\u00f0urfir\u00f0i<\/li>\n<li>A\u00f0gengi: A\u00f0eins gangandi e\u00f0a me\u00f0 b\u00e1ti<\/li>\n<li>Fars\u00edmasamband: J\u00e1<\/li>\n<li>Sk\u00e1lav\u00f6r\u00f0ur: \u00c1 sumrin<\/li>\n<\/ul>\n<p>&nbsp;<\/p>\n<h3>A\u00f0sta\u00f0a \u00ed\/vi\u00f0 sk\u00e1la<\/h3>\n<p>VANTAR<\/p>","protected":false},"excerpt":{"rendered":"<h3>Svefnpl\u00e1ss \u00ed sk\u00e1la Fer\u00f0af\u00e9lags \u00cdslands \u00ed Hornbjargsvita<\/h3>\n<p>\u00cd Hornbjargsvita er gistia\u00f0sta\u00f0a fyrir allt a\u00f0 40 manns.\u00a0H\u00fasi\u00f0 er st\u00f3rt og r\u00famgott. Sofi\u00f0 er \u00ed r\u00famum og kojum \u00ed sj\u00f6 a\u00f0skildum herbergjum. Gott eldh\u00fas er \u00e1 sta\u00f0num me\u00f0 \u00f6llum \u00e1h\u00f6ldum og \u00fatb\u00fana\u00f0i og b\u00e6\u00f0i rafmagns- og gaseldav\u00e9l. A\u00f0 auki er gott kolagrill vi\u00f0 h\u00fasi\u00f0.\u00a0 Vatnssalerni er inni \u00ed h\u00fasinu og sturta. G\u00f3\u00f0 a\u00f0sta\u00f0a er til a\u00f0 \u00feurrka blaut f\u00f6t og sk\u00f3.\u00a0 Vi\u00f0 h\u00fasi\u00f0 er tjaldsv\u00e6\u00f0i me\u00f0 a\u00f0gangi a\u00f0 vatnssalernum og a\u00f0st\u00f6\u00f0u til a\u00f0 elda og bor\u00f0a \u00ed g\u00f6mlu \u00fatih\u00fasi.<\/p>\n<p>Athugi\u00f0 a\u00f0 Hornbjargsviti er innan Fri\u00f0landsins \u00e1 Hornstr\u00f6ndum og hundar eru banna\u00f0ir \u00e1 sv\u00e6\u00f0inu.<\/p>\n<p><strong>Bed<\/strong> &#8211; kr. 13,000<br \/>\n<strong>Tax<\/strong> &#8211; kr. 666<br \/>\n<strong>Shower Access (optional)<\/strong> &#8211; kr. 900 (valkv\u00e6tt )<\/p>","protected":false},"featured_media":584,"template":"","meta":[],"product_cat":[77],"product_tag":[81,82,93,83],"class_list":{"0":"post-663","1":"product","2":"type-product","3":"status-publish","4":"has-post-thumbnail","6":"product_cat-skalar","7":"product_tag-landmannalaugar","8":"product_tag-skali","9":"product_tag-sudurland","10":"product_tag-svefnplass","12":"first","13":"instock","14":"virtual","15":"purchasable","16":"product-type-phive_booking"},"_links":{"self":[{"href":"http:\/\/fi-is.earle.shared.1984.is\/en\/wp-json\/wp\/v2\/product\/663","targetHints":{"allow":["GET"]}}],"collection":[{"href":"http:\/\/fi-is.earle.shared.1984.is\/en\/wp-json\/wp\/v2\/product"}],"about":[{"href":"http:\/\/fi-is.earle.shared.1984.is\/en\/wp-json\/wp\/v2\/types\/product"}],"wp:featuredmedia":[{"embeddable":true,"href":"http:\/\/fi-is.earle.shared.1984.is\/en\/wp-json\/wp\/v2\/media\/584"}],"wp:attachment":[{"href":"http:\/\/fi-is.earle.shared.1984.is\/en\/wp-json\/wp\/v2\/media?parent=663"}],"wp:term":[{"taxonomy":"product_cat","embeddable":true,"href":"http:\/\/fi-is.earle.shared.1984.is\/en\/wp-json\/wp\/v2\/product_cat?post=663"},{"taxonomy":"product_tag","embeddable":true,"href":"http:\/\/fi-is.earle.shared.1984.is\/en\/wp-json\/wp\/v2\/product_tag?post=663"}],"curies":[{"name":"wp","href":"https:\/\/api.w.org\/{rel}","templated":true}]}}