{"id":411,"date":"2024-09-10T15:31:26","date_gmt":"2024-09-10T15:31:26","guid":{"rendered":"http:\/\/fi-is.earle.shared.1984.is\/?post_type=product&#038;p=411"},"modified":"2024-10-01T15:42:34","modified_gmt":"2024-10-01T15:42:34","slug":"landmannalaugar","status":"publish","type":"product","link":"http:\/\/fi-is.earle.shared.1984.is\/en\/product\/skalar\/landmannalaugar\/","title":{"rendered":"Landmannalaugar"},"content":{"rendered":"<p>Landmannalaugar marka upphaf e\u00f0a lok margra skemmtilegra g\u00f6ngulei\u00f0a um Fri\u00f0land a\u00f0 Fjallabaki, me\u00f0al annars um\u00a0<a href=\"https:\/\/www.fi.is\/is\/gonguleidir\/yfirlit-gonguleida\/laugavegur\">Laugaveginn<\/a>, eina vins\u00e6lustu g\u00f6ngulei\u00f0 landsins.<\/p>\n<p>&nbsp;<\/p>\n<h3>A\u00f0sta\u00f0a<\/h3>\n<p>The Landmannalaugar hut is operated by Fer\u00f0af\u00e9lag \u00cdslands (The Iceland Touring Association, F\u00cd). The hut is big and comfortable and accommodates 78 people on two floors. The ground floor has a good entrance hall, a large sleeping quarters with bunk beds and a kitchen, fully equipped with gas stoves, hot and cold running water and all utensils. Upstairs there is one small dorm room and three large ones. There is a big charcoal grill outside.<\/p>\n<p>Sk\u00e1linn tengist salernish\u00fasi me\u00f0 g\u00f3\u00f0um tr\u00e9palli. Salernish\u00fasi\u00f0 er st\u00f3rt og \u00fej\u00f3nar ekki bara sk\u00e1la- og tjaldgestum sv\u00e6\u00f0isins, heldur l\u00edka \u00feeim fj\u00f6lm\u00f6rgu daggestum sem heims\u00e6kja Landmannalaugar. Sturtur eru \u00ed salernish\u00fasinu. R\u00famgott sk\u00e1lavar\u00f0ah\u00fas stendur skammt fr\u00e1.<\/p>\n<p><a href=\"https:\/\/www.fi.is\/is\/moya\/gallery\/index\/index\/_\/landmannalaugar-myndir\">Myndir \u00far Landmannalaugum<\/a>.<\/p>\n<p>Daggestir, \u00fe.e. \u00feeir sem hvorki gista \u00ed sk\u00e1lanum e\u00f0a \u00ed tj\u00f6ldum, \u00feurfa a\u00f0 grei\u00f0a a\u00f0st\u00f6\u00f0ugjald til a\u00f0 nota a\u00f0st\u00f6\u00f0una \u00e1 sv\u00e6\u00f0inu, til d\u00e6mis salerni, bekki, grill og a\u00f0ra \u00fatia\u00f0st\u00f6\u00f0u. H\u00e6gt er grei\u00f0a a\u00f0st\u00f6\u00f0ugjald hj\u00e1 sk\u00e1lav\u00f6r\u00f0um, kr. 600 fyrir einstakling e\u00f0a kr. 1.000 fyrir fj\u00f6lskyldu. Fj\u00f6lskylda telst foreldrar og b\u00f6rn \u00feeirra undir 18 \u00e1ra a\u00f0 aldri.<\/p>\n<p>\u00cd Landmannalaugum hefur um nokkurt skei\u00f0 veri\u00f0 reki\u00f0 l\u00edti\u00f0 kaffih\u00fas og verslun \u00fear sem h\u00e6gt er a\u00f0 kaupa helstu nau\u00f0synjar.<\/p>\n<p>Fyrsta s\u00e6luh\u00fas F\u00cd \u00ed Laugum var reist \u00e1ri\u00f0 1951.<\/p>\n<p><img fetchpriority=\"high\" decoding=\"async\" class=\"alignnone wp-image-504 size-medium\" src=\"http:\/\/fi-is.earle.shared.1984.is\/wp-content\/uploads\/2024\/09\/crop-lm_eldhus-300x300.jpg\" alt=\"\" width=\"300\" height=\"300\" srcset=\"http:\/\/fi-is.earle.shared.1984.is\/wp-content\/uploads\/2024\/09\/crop-lm_eldhus-300x300.jpg 300w, http:\/\/fi-is.earle.shared.1984.is\/wp-content\/uploads\/2024\/09\/crop-lm_eldhus-150x150.jpg 150w, http:\/\/fi-is.earle.shared.1984.is\/wp-content\/uploads\/2024\/09\/crop-lm_eldhus-100x100.jpg 100w, http:\/\/fi-is.earle.shared.1984.is\/wp-content\/uploads\/2024\/09\/crop-lm_eldhus.jpg 535w\" sizes=\"(max-width: 300px) 100vw, 300px\" \/> <img decoding=\"async\" class=\"alignnone size-medium wp-image-505\" src=\"http:\/\/fi-is.earle.shared.1984.is\/wp-content\/uploads\/2024\/09\/crop-stigi_lm-300x300.jpg\" alt=\"\" width=\"300\" height=\"300\" srcset=\"http:\/\/fi-is.earle.shared.1984.is\/wp-content\/uploads\/2024\/09\/crop-stigi_lm-300x300.jpg 300w, http:\/\/fi-is.earle.shared.1984.is\/wp-content\/uploads\/2024\/09\/crop-stigi_lm-150x150.jpg 150w, http:\/\/fi-is.earle.shared.1984.is\/wp-content\/uploads\/2024\/09\/crop-stigi_lm-100x100.jpg 100w, http:\/\/fi-is.earle.shared.1984.is\/wp-content\/uploads\/2024\/09\/crop-stigi_lm.jpg 535w\" sizes=\"(max-width: 300px) 100vw, 300px\" \/> \u00a0<img decoding=\"async\" class=\"alignnone size-medium wp-image-507\" src=\"http:\/\/fi-is.earle.shared.1984.is\/wp-content\/uploads\/2024\/09\/crop-landmannalaugar_eldhus-300x300.jpg\" alt=\"\" width=\"300\" height=\"300\" srcset=\"http:\/\/fi-is.earle.shared.1984.is\/wp-content\/uploads\/2024\/09\/crop-landmannalaugar_eldhus-300x300.jpg 300w, http:\/\/fi-is.earle.shared.1984.is\/wp-content\/uploads\/2024\/09\/crop-landmannalaugar_eldhus-150x150.jpg 150w, http:\/\/fi-is.earle.shared.1984.is\/wp-content\/uploads\/2024\/09\/crop-landmannalaugar_eldhus-600x600.jpg 600w, http:\/\/fi-is.earle.shared.1984.is\/wp-content\/uploads\/2024\/09\/crop-landmannalaugar_eldhus-100x100.jpg 100w, http:\/\/fi-is.earle.shared.1984.is\/wp-content\/uploads\/2024\/09\/crop-landmannalaugar_eldhus.jpg 768w\" sizes=\"(max-width: 300px) 100vw, 300px\" \/> \u00a0<img loading=\"lazy\" decoding=\"async\" class=\"alignnone size-medium wp-image-509\" src=\"http:\/\/fi-is.earle.shared.1984.is\/wp-content\/uploads\/2024\/09\/crop-svefnloft_lm-300x300.jpg\" alt=\"\" width=\"300\" height=\"300\" srcset=\"http:\/\/fi-is.earle.shared.1984.is\/wp-content\/uploads\/2024\/09\/crop-svefnloft_lm-300x300.jpg 300w, http:\/\/fi-is.earle.shared.1984.is\/wp-content\/uploads\/2024\/09\/crop-svefnloft_lm-150x150.jpg 150w, http:\/\/fi-is.earle.shared.1984.is\/wp-content\/uploads\/2024\/09\/crop-svefnloft_lm-600x600.jpg 600w, http:\/\/fi-is.earle.shared.1984.is\/wp-content\/uploads\/2024\/09\/crop-svefnloft_lm-100x100.jpg 100w, http:\/\/fi-is.earle.shared.1984.is\/wp-content\/uploads\/2024\/09\/crop-svefnloft_lm.jpg 768w\" sizes=\"(max-width: 300px) 100vw, 300px\" \/> <img loading=\"lazy\" decoding=\"async\" class=\"alignnone size-medium wp-image-510\" src=\"http:\/\/fi-is.earle.shared.1984.is\/wp-content\/uploads\/2024\/09\/crop-svefnsalur_nidri-300x300.jpg\" alt=\"\" width=\"300\" height=\"300\" srcset=\"http:\/\/fi-is.earle.shared.1984.is\/wp-content\/uploads\/2024\/09\/crop-svefnsalur_nidri-300x300.jpg 300w, http:\/\/fi-is.earle.shared.1984.is\/wp-content\/uploads\/2024\/09\/crop-svefnsalur_nidri-150x150.jpg 150w, http:\/\/fi-is.earle.shared.1984.is\/wp-content\/uploads\/2024\/09\/crop-svefnsalur_nidri-600x600.jpg 600w, http:\/\/fi-is.earle.shared.1984.is\/wp-content\/uploads\/2024\/09\/crop-svefnsalur_nidri-100x100.jpg 100w, http:\/\/fi-is.earle.shared.1984.is\/wp-content\/uploads\/2024\/09\/crop-svefnsalur_nidri.jpg 768w\" sizes=\"(max-width: 300px) 100vw, 300px\" \/><\/p>\n<p>&nbsp;<\/p>\n<h3>Opnun og a\u00f0gengi<\/h3>\n<p>Sk\u00e1linn \u00ed Landmannalaugum er opinn flesta m\u00e1nu\u00f0i \u00e1rsins. Vinsamlega hafi\u00f0 samband vi\u00f0 skrifstofu til a\u00f0 n\u00e1lgast frekari uppl\u00fdsingar.<\/p>\n<p>A\u00f0 sumri til er h\u00e6gt a\u00f0 aka \u00e1 jeppum a\u00f0 sk\u00e1lanum eftir Fjallabakslei\u00f0 nyr\u00f0ri (F208) e\u00f0a D\u00f3madalslei\u00f0 (F225).\u00a0<a href=\"http:\/\/www.vegagerdin.is\/ferdaupplysingar\/faerd-og-vedur\/sudurland-faerd-kort\/\" rel=\"nofollow\">Opnun veganna a\u00f0 vori er \u00e1kv\u00f6r\u00f0u\u00f0 af Vegager\u00f0inni\u00a0<\/a>og fer eftir snj\u00f3al\u00f6gum og \u00e1standi vega eftir veturinn. \u00cd me\u00f0al\u00e1ri m\u00e1 ganga \u00fat fr\u00e1 \u00fev\u00ed a\u00f0 h\u00e6gt s\u00e9 a\u00f0 komast inn \u00ed Landmannalaugar fr\u00e1 20. j\u00fan\u00ed til 15. september.<\/p>\n<p>Fr\u00e1 20. j\u00fan\u00ed til 15. september 2024 \u00feurfa gestir sem koma akandi \u00e1 eigin vegum \u00e1 milli kl. 8 og 15 a\u00f0 b\u00f3ka b\u00edlast\u00e6\u00f0i fyrirfram og grei\u00f0a \u00fej\u00f3nustugjald \u00e1\u00f0ur en komi\u00f0 er \u00ed Landmannalaugar.<br \/>\nN\u00e1nari uppl\u00fdsingar \u00e1 vef\u00a0<a href=\"https:\/\/ust.is\/nattura\/natturuverndarsvaedi\/fridlyst-svaedi\/sudurland\/fridland-ad-fjallabaki\/landmannalaugar\/\">Umhverfisstofnunar.<\/a><\/p>\n<p>A\u00f0 vetri til \u00fearf s\u00e9r\u00fatb\u00fana b\u00edla e\u00f0a v\u00e9lsle\u00f0a til a\u00f0 heims\u00e6kja Landmannalaugar. Mikilv\u00e6gt er a\u00f0 kanna f\u00e6ri\u00f0 og snj\u00f3al\u00f6g \u00e1\u00f0ur en lagt er af sta\u00f0. Oft liggur krapi \u00ed hluta lei\u00f0arinnar og eins \u00fearf a\u00f0 g\u00e6ta a\u00f0 \u00fev\u00ed a\u00f0 aka a\u00f0eins \u00fear sem snj\u00f3r hylur j\u00f6r\u00f0ina til a\u00f0 skemma hvorki gr\u00f3\u00f0ur n\u00e9 mynda f\u00f6r \u00ed landslagi\u00f0.<\/p>\n<p>\u00dea\u00f0 er l\u00edka vins\u00e6lt a\u00f0 ganga \u00e1 g\u00f6ngusk\u00ed\u00f0um inn \u00ed Landmannalaugar a\u00f0 vetri til. Athugi\u00f0 a\u00f0 \u00fea\u00f0 er a\u00f0eins \u00e1 f\u00e6ri reynslumikils fer\u00f0af\u00f3lks me\u00f0 5 \u00e1rst\u00ed\u00f0a \u00fatb\u00fana\u00f0. Fr\u00e1 H\u00e1lendismi\u00f0st\u00f6\u00f0inni \u00ed Hrauneyjum er t\u00e6plega 30 km gangur inn \u00ed Laugar.<\/p>\n<p>A\u00f0 nokkru leyti er h\u00e6gt a\u00f0 fylgjast me\u00f0 snj\u00f3al\u00f6gum \u00ed Landmannalaugum \u00ed gegnum\u00a0<a href=\"http:\/\/www.liv.is\/vefmyndvel\/\" rel=\"nofollow\">vefmyndav\u00e9l Landssambands v\u00e9lsle\u00f0amanna<\/a>. Einnig er h\u00e6gt a\u00f0 sko\u00f0a\u00a0<a href=\"https:\/\/www.facebook.com\/LandmannalaugarIceland\/\" rel=\"nofollow\">facebook s\u00ed\u00f0u Landmannalauga\u00a0<\/a>\u00fear sem sk\u00e1lav\u00f6r\u00f0ur hverju sinni setur reglulega inn uppl\u00fdsingar um ve\u00f0ur og f\u00e6r\u00f0.<\/p>\n<p>&nbsp;<\/p>\n<h3>N\u00e6sta n\u00e1grenni<\/h3>\n<p>Sk\u00e1linn \u00ed Landmannalaugum er sta\u00f0settur vi\u00f0 br\u00fan Laugahrauns, skammt fr\u00e1 heitum uppsprettum sem halda hita \u00e1 l\u00e6knum og lauginni sem sta\u00f0urinn dregur nafn sitt af. Hitinn \u00ed l\u00e6knum getur veri\u00f0 nokku\u00f0 \u00f3jafn og vert er a\u00f0 g\u00e6ta allrar var\u00fa\u00f0ar. Lei\u00f0in fr\u00e1 sk\u00e1la og \u00ed laugina liggur yfir m\u00fdri og gestir eru hvattir til a\u00f0 nota tr\u00e9br\u00fdrnar og for\u00f0ast a\u00f0 ganga \u00ed m\u00fdrinni. Athugi\u00f0 a\u00f0 \u00fea\u00f0 er stranglega banna\u00f0 a\u00f0 fara me\u00f0 glerfl\u00f6skur \u00ed laugina, nota s\u00e1pu og skilja eftir rusl.<\/p>\n<p>Landmannalaugar eru hluti af Fri\u00f0landi a\u00f0 Fjallabaki og allt umhverfi\u00f0 er r\u00f3ma\u00f0 fyrir n\u00e1tt\u00farufegur\u00f0 og litad\u00fdr\u00f0. H\u00e6gt er a\u00f0 fara \u00ed fj\u00f6ldamargar lengri og skemmri g\u00f6ngufer\u00f0ir um sv\u00e6\u00f0i\u00f0 og nokkrar \u00feeirra er a\u00f0 finna \u00e1 \u00feessu\u00a0<a href=\"https:\/\/www.fi.is\/is\/vefverslun\/utgefnar-baekur-og-rit\/landmannalaugar-kort\" rel=\"nofollow\">g\u00f6ngulei\u00f0akorti af Landmannalaugum og n\u00e1grenni.<\/a><\/p>\n<p>\u00cdtarlega er fjalla\u00f0 um sv\u00e6\u00f0i\u00f0, jar\u00f0fr\u00e6\u00f0i \u00feess og g\u00f6ngulei\u00f0ir \u00ed Landmannalaugum og \u00ed Fri\u00f0landinu a\u00f0 Fjallabaki \u00ed\u00a0<a href=\"https:\/\/www.fi.is\/is\/vefverslun\/utgefnar-baekur-og-rit\/arbok-2010-fridland-ad-fjallabaki\" rel=\"nofollow\">\u00e1rb\u00f3k F\u00cd 2010.<\/a><\/p>\n<p>&nbsp;<\/p>\n<h3>Uppl\u00fdsingar<\/h3>\n<ul>\n<li><strong>GPS sta\u00f0setning<\/strong>: N 63\u00b059.600 &#8211; W 19\u00b003.660<\/li>\n<li><strong>S\u00edman\u00famer<\/strong>: 860 3335<\/li>\n<li><strong>H\u00e6\u00f0 yfir sj\u00e1varm\u00e1li<\/strong>: 550m<\/li>\n<li><strong>N\u00e6sti sk\u00e1li<\/strong>: Hrafntinnusker<\/li>\n<li><strong>A\u00f0gengi<\/strong>: \u00c1 jeppum<\/li>\n<li><strong>Sk\u00e1lav\u00f6r\u00f0ur<\/strong>: \u00c1 sumrin<\/li>\n<li><strong>3D skanni<\/strong>: <a class=\"btn btn-primary\" href=\"https:\/\/my.matterport.com\/show\/?m=V4VVypFJC6j\">Sko\u00f0a<\/a><\/li>\n<\/ul>\n<p>&nbsp;<\/p>\n<h3>A\u00f0sta\u00f0a \u00ed\/vi\u00f0 sk\u00e1la<\/h3>\n<p>VANTAR<\/p>","protected":false},"excerpt":{"rendered":"<h3>Accommodations in the Fer\u00f0af\u00e9lag \u00cdslands cabin at Landmannalaugar<\/h3>\n<p>The Landmannalaugar hut is operated by Fer\u00f0af\u00e9lag \u00cdslands (The Iceland Touring Association, F\u00cd). The hut is big and comfortable and accommodates 78 people on two floors. The ground floor has a good entrance hall, a large sleeping quarters with bunk beds and a kitchen, fully equipped with gas stoves, hot and cold running water and all utensils. Upstairs there is one small dorm room and three large ones. There is a big charcoal grill outside.<\/p>\n<p>A patio connects the hut with a big toilet\/shower house that also serves the camping ground and the numerous day visitors to Landmannalaugar. The wardens live in a roomy hut beside the toilet house.<\/p>\n<p><strong>Bed<\/strong> &#8211; kr. 13,000<br \/>\n<strong>Tax<\/strong> &#8211; kr. 666<br \/>\n<strong>Shower Access (optional)<\/strong> &#8211; kr. 900 (valkv\u00e6tt )<\/p>\n<div id=\"gtx-trans\" style=\"position: absolute; left: -19px; top: 231.516px;\">\n<div class=\"gtx-trans-icon\"><\/div>\n<\/div>","protected":false},"featured_media":327,"template":"","meta":[],"product_cat":[77],"product_tag":[81,82,93,83],"class_list":{"0":"post-411","1":"product","2":"type-product","3":"status-publish","4":"has-post-thumbnail","6":"product_cat-skalar","7":"product_tag-landmannalaugar","8":"product_tag-skali","9":"product_tag-sudurland","10":"product_tag-svefnplass","12":"first","13":"instock","14":"virtual","15":"purchasable","16":"product-type-phive_booking"},"_links":{"self":[{"href":"http:\/\/fi-is.earle.shared.1984.is\/en\/wp-json\/wp\/v2\/product\/411","targetHints":{"allow":["GET"]}}],"collection":[{"href":"http:\/\/fi-is.earle.shared.1984.is\/en\/wp-json\/wp\/v2\/product"}],"about":[{"href":"http:\/\/fi-is.earle.shared.1984.is\/en\/wp-json\/wp\/v2\/types\/product"}],"wp:featuredmedia":[{"embeddable":true,"href":"http:\/\/fi-is.earle.shared.1984.is\/en\/wp-json\/wp\/v2\/media\/327"}],"wp:attachment":[{"href":"http:\/\/fi-is.earle.shared.1984.is\/en\/wp-json\/wp\/v2\/media?parent=411"}],"wp:term":[{"taxonomy":"product_cat","embeddable":true,"href":"http:\/\/fi-is.earle.shared.1984.is\/en\/wp-json\/wp\/v2\/product_cat?post=411"},{"taxonomy":"product_tag","embeddable":true,"href":"http:\/\/fi-is.earle.shared.1984.is\/en\/wp-json\/wp\/v2\/product_tag?post=411"}],"curies":[{"name":"wp","href":"https:\/\/api.w.org\/{rel}","templated":true}]}}