{"id":447,"date":"2024-09-10T16:21:56","date_gmt":"2024-09-10T16:21:56","guid":{"rendered":"http:\/\/fi-is.earle.shared.1984.is\/?page_id=447"},"modified":"2024-09-13T13:50:51","modified_gmt":"2024-09-13T13:50:51","slug":"ferdafelag-islands","status":"publish","type":"page","link":"http:\/\/fi-is.earle.shared.1984.is\/en\/","title":{"rendered":"Fer\u00f0af\u00e9lag \u00cdslands"},"content":{"rendered":"<div data-elementor-type=\"wp-page\" data-elementor-id=\"447\" class=\"elementor elementor-447\" data-elementor-post-type=\"page\">\n\t\t\t\t<div class=\"elementor-element elementor-element-8517d5d e-con-full e-flex e-con e-parent\" data-id=\"8517d5d\" data-element_type=\"container\" data-settings=\"{&quot;background_background&quot;:&quot;classic&quot;}\">\n\t\t<div class=\"elementor-element elementor-element-a13f3fb e-con-full e-flex e-con e-child\" data-id=\"a13f3fb\" data-element_type=\"container\" data-settings=\"{&quot;background_background&quot;:&quot;classic&quot;}\">\n\t\t\t\t<div class=\"elementor-element elementor-element-2c535c3 elementor-widget elementor-widget-heading\" data-id=\"2c535c3\" data-element_type=\"widget\" data-widget_type=\"heading.default\">\n\t\t\t\t<div class=\"elementor-widget-container\">\n\t\t\t<h1 class=\"elementor-heading-title elementor-size-default\">Fer\u00f0af\u00e9lag \u00cdslands<\/h1>\t\t<\/div>\n\t\t\t\t<\/div>\n\t\t\t\t<div class=\"elementor-element elementor-element-84f0a96 elementor-widget__width-initial elementor-widget elementor-widget-text-editor\" data-id=\"84f0a96\" data-element_type=\"widget\" data-widget_type=\"text-editor.default\">\n\t\t\t\t<div class=\"elementor-widget-container\">\n\t\t\t\t\t\t\t<p>Fer\u00f0af\u00e9lag \u00cdslands is a national association that was founded in 1927 with the goal to facilitate, promote and organize travelling within Iceland. The association brings together hiking and nature enthusiasts and allows them to experience Iceland in a group of like-minded people guided by locals. While not a travel agency it serves both members and non-members.&nbsp;<\/p>\t\t\t\t\t\t<\/div>\n\t\t\t\t<\/div>\n\t\t\t\t<div class=\"elementor-element elementor-element-a47eb90 elementor-align-left elementor-widget__width-inherit elementor-invisible elementor-widget elementor-widget-button\" data-id=\"a47eb90\" data-element_type=\"widget\" data-settings=\"{&quot;_animation&quot;:&quot;fadeInDown&quot;}\" data-widget_type=\"button.default\">\n\t\t\t\t<div class=\"elementor-widget-container\">\n\t\t\t\t\t<div class=\"elementor-button-wrapper\">\n\t\t\t<a class=\"elementor-button elementor-size-sm\" role=\"button\">\n\t\t\t\t\t\t<span class=\"elementor-button-content-wrapper\">\n\t\t\t\t\t\t\t\t\t<span class=\"elementor-button-text\">2025 Travel Plan<\/span>\n\t\t\t\t\t<\/span>\n\t\t\t\t\t<\/a>\n\t\t<\/div>\n\t\t\t\t<\/div>\n\t\t\t\t<\/div>\n\t\t\t\t<\/div>\n\t\t\t\t<\/div>\n\t\t<div class=\"elementor-element elementor-element-816f2b7 e-con-full e-flex e-con e-parent\" data-id=\"816f2b7\" data-element_type=\"container\">\n\t\t\t\t<div class=\"elementor-element elementor-element-861a2ec elementor-widget elementor-widget-heading\" data-id=\"861a2ec\" data-element_type=\"widget\" data-widget_type=\"heading.default\">\n\t\t\t\t<div class=\"elementor-widget-container\">\n\t\t\t<h2 class=\"elementor-heading-title elementor-size-default\">N\u00e6stu Fer\u00f0ir<\/h2>\t\t<\/div>\n\t\t\t\t<\/div>\n\t\t\t\t<div class=\"elementor-element elementor-element-e09059c elementor-widget elementor-widget-heading\" data-id=\"e09059c\" data-element_type=\"widget\" data-widget_type=\"heading.default\">\n\t\t\t\t<div class=\"elementor-widget-container\">\n\t\t\t<h5 class=\"elementor-heading-title elementor-size-default\">Vinsamlegast smelli\u00f0 \u00e1 \u00f6rvarnar til h\u00e6gri til a\u00f0 sko\u00f0a fleiri fer\u00f0ir<\/h5>\t\t<\/div>\n\t\t\t\t<\/div>\n\t\t<div class=\"elementor-element elementor-element-20f7f68 e-con-full e-flex e-con e-child\" data-id=\"20f7f68\" data-element_type=\"container\">\n\t\t\t\t<div class=\"elementor-element elementor-element-87f6828 elementor-widget-tablet__width-initial elementor-widget-mobile__width-inherit elementor-widget__width-initial elementor-position-top elementor-widget elementor-widget-image-box\" data-id=\"87f6828\" data-element_type=\"widget\" data-widget_type=\"image-box.default\">\n\t\t\t\t<div class=\"elementor-widget-container\">\n\t\t\t<div class=\"elementor-image-box-wrapper\"><figure class=\"elementor-image-box-img\"><img fetchpriority=\"high\" decoding=\"async\" width=\"1184\" height=\"888\" src=\"http:\/\/fi-is.earle.shared.1984.is\/wp-content\/uploads\/2024\/01\/landmannalaugar1-f02a5552.jpg\" class=\"elementor-animation-grow attachment-full size-full wp-image-323\" alt=\"\" srcset=\"http:\/\/fi-is.earle.shared.1984.is\/wp-content\/uploads\/2024\/01\/landmannalaugar1-f02a5552.jpg 1184w, http:\/\/fi-is.earle.shared.1984.is\/wp-content\/uploads\/2024\/01\/landmannalaugar1-f02a5552-300x225.jpg 300w, http:\/\/fi-is.earle.shared.1984.is\/wp-content\/uploads\/2024\/01\/landmannalaugar1-f02a5552-1024x768.jpg 1024w, http:\/\/fi-is.earle.shared.1984.is\/wp-content\/uploads\/2024\/01\/landmannalaugar1-f02a5552-768x576.jpg 768w, http:\/\/fi-is.earle.shared.1984.is\/wp-content\/uploads\/2024\/01\/landmannalaugar1-f02a5552-600x450.jpg 600w\" sizes=\"(max-width: 1184px) 100vw, 1184px\" \/><\/figure><div class=\"elementor-image-box-content\"><h4 class=\"elementor-image-box-title\">Service 1<\/h4><p class=\"elementor-image-box-description\">A short description of the service and how the visitor will benefit from it.<\/p><\/div><\/div>\t\t<\/div>\n\t\t\t\t<\/div>\n\t\t\t\t<div class=\"elementor-element elementor-element-8f39205 elementor-widget-tablet__width-initial elementor-widget-mobile__width-inherit elementor-widget__width-initial elementor-position-top elementor-widget elementor-widget-image-box\" data-id=\"8f39205\" data-element_type=\"widget\" data-widget_type=\"image-box.default\">\n\t\t\t\t<div class=\"elementor-widget-container\">\n\t\t\t<div class=\"elementor-image-box-wrapper\"><figure class=\"elementor-image-box-img\"><img decoding=\"async\" width=\"1000\" height=\"750\" src=\"http:\/\/fi-is.earle.shared.1984.is\/wp-content\/uploads\/2024\/08\/cropped-1722950948_20170723_113324.jpg\" class=\"elementor-animation-grow attachment-full size-full wp-image-299\" alt=\"\" srcset=\"http:\/\/fi-is.earle.shared.1984.is\/wp-content\/uploads\/2024\/08\/cropped-1722950948_20170723_113324.jpg 1000w, http:\/\/fi-is.earle.shared.1984.is\/wp-content\/uploads\/2024\/08\/cropped-1722950948_20170723_113324-300x225.jpg 300w, http:\/\/fi-is.earle.shared.1984.is\/wp-content\/uploads\/2024\/08\/cropped-1722950948_20170723_113324-768x576.jpg 768w, http:\/\/fi-is.earle.shared.1984.is\/wp-content\/uploads\/2024\/08\/cropped-1722950948_20170723_113324-600x450.jpg 600w\" sizes=\"(max-width: 1000px) 100vw, 1000px\" \/><\/figure><div class=\"elementor-image-box-content\"><h4 class=\"elementor-image-box-title\">Service 2<\/h4><p class=\"elementor-image-box-description\">A short description of the service and how the visitor will benefit from it.<\/p><\/div><\/div>\t\t<\/div>\n\t\t\t\t<\/div>\n\t\t\t\t<div class=\"elementor-element elementor-element-2b1a2e4 elementor-widget-tablet__width-initial elementor-widget-mobile__width-inherit elementor-widget__width-initial elementor-position-top elementor-widget elementor-widget-image-box\" data-id=\"2b1a2e4\" data-element_type=\"widget\" data-widget_type=\"image-box.default\">\n\t\t\t\t<div class=\"elementor-widget-container\">\n\t\t\t<div class=\"elementor-image-box-wrapper\"><figure class=\"elementor-image-box-img\"><img decoding=\"async\" width=\"1200\" height=\"900\" src=\"http:\/\/fi-is.earle.shared.1984.is\/wp-content\/uploads\/2024\/01\/d04496a0-168e-4cd8-9c73-3448d80a6266-fa699964.jpg\" class=\"elementor-animation-grow attachment-full size-full wp-image-321\" alt=\"\" srcset=\"http:\/\/fi-is.earle.shared.1984.is\/wp-content\/uploads\/2024\/01\/d04496a0-168e-4cd8-9c73-3448d80a6266-fa699964.jpg 1200w, http:\/\/fi-is.earle.shared.1984.is\/wp-content\/uploads\/2024\/01\/d04496a0-168e-4cd8-9c73-3448d80a6266-fa699964-300x225.jpg 300w, http:\/\/fi-is.earle.shared.1984.is\/wp-content\/uploads\/2024\/01\/d04496a0-168e-4cd8-9c73-3448d80a6266-fa699964-1024x768.jpg 1024w, http:\/\/fi-is.earle.shared.1984.is\/wp-content\/uploads\/2024\/01\/d04496a0-168e-4cd8-9c73-3448d80a6266-fa699964-768x576.jpg 768w, http:\/\/fi-is.earle.shared.1984.is\/wp-content\/uploads\/2024\/01\/d04496a0-168e-4cd8-9c73-3448d80a6266-fa699964-600x450.jpg 600w\" sizes=\"(max-width: 1200px) 100vw, 1200px\" \/><\/figure><div class=\"elementor-image-box-content\"><h4 class=\"elementor-image-box-title\">Service 3<\/h4><p class=\"elementor-image-box-description\">A short description of the service and how the visitor will benefit from it.<\/p><\/div><\/div>\t\t<\/div>\n\t\t\t\t<\/div>\n\t\t\t\t<div class=\"elementor-element elementor-element-4763d5c elementor-widget-tablet__width-initial elementor-widget-mobile__width-inherit elementor-widget__width-initial elementor-position-top elementor-widget elementor-widget-image-box\" data-id=\"4763d5c\" data-element_type=\"widget\" data-widget_type=\"image-box.default\">\n\t\t\t\t<div class=\"elementor-widget-container\">\n\t\t\t<div class=\"elementor-image-box-wrapper\"><figure class=\"elementor-image-box-img\"><img loading=\"lazy\" decoding=\"async\" width=\"992\" height=\"744\" src=\"http:\/\/fi-is.earle.shared.1984.is\/wp-content\/uploads\/2024\/09\/svefnloft_lm.jpg\" class=\"elementor-animation-grow attachment-full size-full wp-image-396\" alt=\"\" srcset=\"http:\/\/fi-is.earle.shared.1984.is\/wp-content\/uploads\/2024\/09\/svefnloft_lm.jpg 992w, http:\/\/fi-is.earle.shared.1984.is\/wp-content\/uploads\/2024\/09\/svefnloft_lm-300x225.jpg 300w, http:\/\/fi-is.earle.shared.1984.is\/wp-content\/uploads\/2024\/09\/svefnloft_lm-768x576.jpg 768w, http:\/\/fi-is.earle.shared.1984.is\/wp-content\/uploads\/2024\/09\/svefnloft_lm-600x450.jpg 600w\" sizes=\"(max-width: 992px) 100vw, 992px\" \/><\/figure><div class=\"elementor-image-box-content\"><h4 class=\"elementor-image-box-title\">Service 4<\/h4><p class=\"elementor-image-box-description\">A short description of the service and how the visitor will benefit from it.<\/p><\/div><\/div>\t\t<\/div>\n\t\t\t\t<\/div>\n\t\t\t\t<\/div>\n\t\t\t\t<div class=\"elementor-element elementor-element-eff4dd0 elementor-align-center elementor-widget__width-inherit elementor-invisible elementor-widget elementor-widget-button\" data-id=\"eff4dd0\" data-element_type=\"widget\" data-settings=\"{&quot;_animation&quot;:&quot;fadeInDown&quot;}\" data-widget_type=\"button.default\">\n\t\t\t\t<div class=\"elementor-widget-container\">\n\t\t\t\t\t<div class=\"elementor-button-wrapper\">\n\t\t\t<a class=\"elementor-button elementor-size-sm\" role=\"button\">\n\t\t\t\t\t\t<span class=\"elementor-button-content-wrapper\">\n\t\t\t\t\t\t\t\t\t<span class=\"elementor-button-text\">View all services<\/span>\n\t\t\t\t\t<\/span>\n\t\t\t\t\t<\/a>\n\t\t<\/div>\n\t\t\t\t<\/div>\n\t\t\t\t<\/div>\n\t\t\t\t<\/div>\n\t\t<div class=\"elementor-element elementor-element-039193c e-con-full e-flex e-con e-parent\" data-id=\"039193c\" data-element_type=\"container\">\n\t\t\t\t<div class=\"elementor-element elementor-element-c62c1f8 elementor-widget elementor-widget-heading\" data-id=\"c62c1f8\" data-element_type=\"widget\" data-widget_type=\"heading.default\">\n\t\t\t\t<div class=\"elementor-widget-container\">\n\t\t\t<h2 class=\"elementor-heading-title elementor-size-default\">Cabins<\/h2>\t\t<\/div>\n\t\t\t\t<\/div>\n\t\t\t\t<div class=\"elementor-element elementor-element-f6e2366 elementor-widget elementor-widget-heading\" data-id=\"f6e2366\" data-element_type=\"widget\" data-widget_type=\"heading.default\">\n\t\t\t\t<div class=\"elementor-widget-container\">\n\t\t\t<h5 class=\"elementor-heading-title elementor-size-default\">Vinsamlegast smelli\u00f0 \u00e1 \u00f6rvarnar til h\u00e6gri til a\u00f0 sko\u00f0a fleiri fer\u00f0ir<\/h5>\t\t<\/div>\n\t\t\t\t<\/div>\n\t\t<div class=\"elementor-element elementor-element-0898307 e-con-full e-flex e-con e-child\" data-id=\"0898307\" data-element_type=\"container\">\n\t\t\t\t<div class=\"elementor-element elementor-element-cc256c6 elementor-widget-tablet__width-initial elementor-widget-mobile__width-inherit elementor-widget__width-initial elementor-position-top elementor-widget elementor-widget-image-box\" data-id=\"cc256c6\" data-element_type=\"widget\" data-widget_type=\"image-box.default\">\n\t\t\t\t<div class=\"elementor-widget-container\">\n\t\t\t<div class=\"elementor-image-box-wrapper\"><figure class=\"elementor-image-box-img\"><img fetchpriority=\"high\" decoding=\"async\" width=\"1184\" height=\"888\" src=\"http:\/\/fi-is.earle.shared.1984.is\/wp-content\/uploads\/2024\/01\/landmannalaugar1-f02a5552.jpg\" class=\"elementor-animation-grow attachment-full size-full wp-image-323\" alt=\"\" srcset=\"http:\/\/fi-is.earle.shared.1984.is\/wp-content\/uploads\/2024\/01\/landmannalaugar1-f02a5552.jpg 1184w, http:\/\/fi-is.earle.shared.1984.is\/wp-content\/uploads\/2024\/01\/landmannalaugar1-f02a5552-300x225.jpg 300w, http:\/\/fi-is.earle.shared.1984.is\/wp-content\/uploads\/2024\/01\/landmannalaugar1-f02a5552-1024x768.jpg 1024w, http:\/\/fi-is.earle.shared.1984.is\/wp-content\/uploads\/2024\/01\/landmannalaugar1-f02a5552-768x576.jpg 768w, http:\/\/fi-is.earle.shared.1984.is\/wp-content\/uploads\/2024\/01\/landmannalaugar1-f02a5552-600x450.jpg 600w\" sizes=\"(max-width: 1184px) 100vw, 1184px\" \/><\/figure><div class=\"elementor-image-box-content\"><h4 class=\"elementor-image-box-title\">Service 1<\/h4><p class=\"elementor-image-box-description\">A short description of the service and how the visitor will benefit from it.<\/p><\/div><\/div>\t\t<\/div>\n\t\t\t\t<\/div>\n\t\t\t\t<div class=\"elementor-element elementor-element-4ade191 elementor-widget-tablet__width-initial elementor-widget-mobile__width-inherit elementor-widget__width-initial elementor-position-top elementor-widget elementor-widget-image-box\" data-id=\"4ade191\" data-element_type=\"widget\" data-widget_type=\"image-box.default\">\n\t\t\t\t<div class=\"elementor-widget-container\">\n\t\t\t<div class=\"elementor-image-box-wrapper\"><figure class=\"elementor-image-box-img\"><img decoding=\"async\" width=\"1000\" height=\"750\" src=\"http:\/\/fi-is.earle.shared.1984.is\/wp-content\/uploads\/2024\/08\/cropped-1722950948_20170723_113324.jpg\" class=\"elementor-animation-grow attachment-full size-full wp-image-299\" alt=\"\" srcset=\"http:\/\/fi-is.earle.shared.1984.is\/wp-content\/uploads\/2024\/08\/cropped-1722950948_20170723_113324.jpg 1000w, http:\/\/fi-is.earle.shared.1984.is\/wp-content\/uploads\/2024\/08\/cropped-1722950948_20170723_113324-300x225.jpg 300w, http:\/\/fi-is.earle.shared.1984.is\/wp-content\/uploads\/2024\/08\/cropped-1722950948_20170723_113324-768x576.jpg 768w, http:\/\/fi-is.earle.shared.1984.is\/wp-content\/uploads\/2024\/08\/cropped-1722950948_20170723_113324-600x450.jpg 600w\" sizes=\"(max-width: 1000px) 100vw, 1000px\" \/><\/figure><div class=\"elementor-image-box-content\"><h4 class=\"elementor-image-box-title\">Service 2<\/h4><p class=\"elementor-image-box-description\">A short description of the service and how the visitor will benefit from it.<\/p><\/div><\/div>\t\t<\/div>\n\t\t\t\t<\/div>\n\t\t\t\t<div class=\"elementor-element elementor-element-e27a82c elementor-widget-tablet__width-initial elementor-widget-mobile__width-inherit elementor-widget__width-initial elementor-position-top elementor-widget elementor-widget-image-box\" data-id=\"e27a82c\" data-element_type=\"widget\" data-widget_type=\"image-box.default\">\n\t\t\t\t<div class=\"elementor-widget-container\">\n\t\t\t<div class=\"elementor-image-box-wrapper\"><figure class=\"elementor-image-box-img\"><img decoding=\"async\" width=\"1200\" height=\"900\" src=\"http:\/\/fi-is.earle.shared.1984.is\/wp-content\/uploads\/2024\/01\/d04496a0-168e-4cd8-9c73-3448d80a6266-fa699964.jpg\" class=\"elementor-animation-grow attachment-full size-full wp-image-321\" alt=\"\" srcset=\"http:\/\/fi-is.earle.shared.1984.is\/wp-content\/uploads\/2024\/01\/d04496a0-168e-4cd8-9c73-3448d80a6266-fa699964.jpg 1200w, http:\/\/fi-is.earle.shared.1984.is\/wp-content\/uploads\/2024\/01\/d04496a0-168e-4cd8-9c73-3448d80a6266-fa699964-300x225.jpg 300w, http:\/\/fi-is.earle.shared.1984.is\/wp-content\/uploads\/2024\/01\/d04496a0-168e-4cd8-9c73-3448d80a6266-fa699964-1024x768.jpg 1024w, http:\/\/fi-is.earle.shared.1984.is\/wp-content\/uploads\/2024\/01\/d04496a0-168e-4cd8-9c73-3448d80a6266-fa699964-768x576.jpg 768w, http:\/\/fi-is.earle.shared.1984.is\/wp-content\/uploads\/2024\/01\/d04496a0-168e-4cd8-9c73-3448d80a6266-fa699964-600x450.jpg 600w\" sizes=\"(max-width: 1200px) 100vw, 1200px\" \/><\/figure><div class=\"elementor-image-box-content\"><h4 class=\"elementor-image-box-title\">Service 3<\/h4><p class=\"elementor-image-box-description\">A short description of the service and how the visitor will benefit from it.<\/p><\/div><\/div>\t\t<\/div>\n\t\t\t\t<\/div>\n\t\t\t\t<div class=\"elementor-element elementor-element-61ab239 elementor-widget-tablet__width-initial elementor-widget-mobile__width-inherit elementor-widget__width-initial elementor-position-top elementor-widget elementor-widget-image-box\" data-id=\"61ab239\" data-element_type=\"widget\" data-widget_type=\"image-box.default\">\n\t\t\t\t<div class=\"elementor-widget-container\">\n\t\t\t<div class=\"elementor-image-box-wrapper\"><figure class=\"elementor-image-box-img\"><img loading=\"lazy\" decoding=\"async\" width=\"992\" height=\"744\" src=\"http:\/\/fi-is.earle.shared.1984.is\/wp-content\/uploads\/2024\/09\/svefnloft_lm.jpg\" class=\"elementor-animation-grow attachment-full size-full wp-image-396\" alt=\"\" srcset=\"http:\/\/fi-is.earle.shared.1984.is\/wp-content\/uploads\/2024\/09\/svefnloft_lm.jpg 992w, http:\/\/fi-is.earle.shared.1984.is\/wp-content\/uploads\/2024\/09\/svefnloft_lm-300x225.jpg 300w, http:\/\/fi-is.earle.shared.1984.is\/wp-content\/uploads\/2024\/09\/svefnloft_lm-768x576.jpg 768w, http:\/\/fi-is.earle.shared.1984.is\/wp-content\/uploads\/2024\/09\/svefnloft_lm-600x450.jpg 600w\" sizes=\"(max-width: 992px) 100vw, 992px\" \/><\/figure><div class=\"elementor-image-box-content\"><h4 class=\"elementor-image-box-title\">Service 4<\/h4><p class=\"elementor-image-box-description\">A short description of the service and how the visitor will benefit from it.<\/p><\/div><\/div>\t\t<\/div>\n\t\t\t\t<\/div>\n\t\t\t\t<\/div>\n\t\t\t\t<div class=\"elementor-element elementor-element-e64cb6c elementor-align-center elementor-widget__width-inherit elementor-invisible elementor-widget elementor-widget-button\" data-id=\"e64cb6c\" data-element_type=\"widget\" data-settings=\"{&quot;_animation&quot;:&quot;fadeInDown&quot;}\" data-widget_type=\"button.default\">\n\t\t\t\t<div class=\"elementor-widget-container\">\n\t\t\t\t\t<div class=\"elementor-button-wrapper\">\n\t\t\t<a class=\"elementor-button elementor-size-sm\" role=\"button\">\n\t\t\t\t\t\t<span class=\"elementor-button-content-wrapper\">\n\t\t\t\t\t\t\t\t\t<span class=\"elementor-button-text\">View all services<\/span>\n\t\t\t\t\t<\/span>\n\t\t\t\t\t<\/a>\n\t\t<\/div>\n\t\t\t\t<\/div>\n\t\t\t\t<\/div>\n\t\t\t\t<\/div>\n\t\t<div class=\"elementor-element elementor-element-de948fa e-con-full e-flex e-con e-parent\" data-id=\"de948fa\" data-element_type=\"container\">\n\t\t<div class=\"elementor-element elementor-element-957951e e-con-full e-flex e-con e-child\" data-id=\"957951e\" data-element_type=\"container\" data-settings=\"{&quot;background_background&quot;:&quot;classic&quot;}\">\n\t\t\t\t<\/div>\n\t\t<div class=\"elementor-element elementor-element-155fd0b e-con-full e-flex e-con e-child\" data-id=\"155fd0b\" data-element_type=\"container\">\n\t\t\t\t<div class=\"elementor-element elementor-element-6c5919d elementor-widget elementor-widget-heading\" data-id=\"6c5919d\" data-element_type=\"widget\" data-widget_type=\"heading.default\">\n\t\t\t\t<div class=\"elementor-widget-container\">\n\t\t\t<h2 class=\"elementor-heading-title elementor-size-default\">G\u00f6ngum lengra<\/h2>\t\t<\/div>\n\t\t\t\t<\/div>\n\t\t\t\t<div class=\"elementor-element elementor-element-7e189a0 elementor-widget elementor-widget-text-editor\" data-id=\"7e189a0\" data-element_type=\"widget\" data-widget_type=\"text-editor.default\">\n\t\t\t\t<div class=\"elementor-widget-container\">\n\t\t\t\t\t\t\tUse this section to describe your company and the services you offer. You could share your company\u2019s story and details about why you are in business. The goal is to create a connection with the visitor and give them confidence to work with you.\t\t\t\t\t\t<\/div>\n\t\t\t\t<\/div>\n\t\t\t\t<div class=\"elementor-element elementor-element-463454a elementor-align-left elementor-widget__width-inherit elementor-invisible elementor-widget elementor-widget-button\" data-id=\"463454a\" data-element_type=\"widget\" data-settings=\"{&quot;_animation&quot;:&quot;fadeInDown&quot;}\" data-widget_type=\"button.default\">\n\t\t\t\t<div class=\"elementor-widget-container\">\n\t\t\t\t\t<div class=\"elementor-button-wrapper\">\n\t\t\t<a class=\"elementor-button elementor-size-sm\" role=\"button\">\n\t\t\t\t\t\t<span class=\"elementor-button-content-wrapper\">\n\t\t\t\t\t\t\t\t\t<span class=\"elementor-button-text\">G\u00f6ngum lengra<\/span>\n\t\t\t\t\t<\/span>\n\t\t\t\t\t<\/a>\n\t\t<\/div>\n\t\t\t\t<\/div>\n\t\t\t\t<\/div>\n\t\t\t\t<\/div>\n\t\t\t\t<\/div>\n\t\t\t\t<\/div>","protected":false},"excerpt":{"rendered":"<p>Fer\u00f0af\u00e9lag \u00cdslands Fer\u00f0af\u00e9lag \u00cdslands er \u00e1hugamannaf\u00e9lag, tilgangur f\u00e9lagsins er a\u00f0 stu\u00f0la a\u00f0 fer\u00f0al\u00f6gum \u00e1 \u00cdslandi og grei\u00f0a fyrir \u00feeim. \u00deetta gerir f\u00e9lagi\u00f0 me\u00f0al annars me\u00f0 skipulagningu fj\u00f6lbreyttra fer\u00f0a \u00e1samt uppbyggingu og rekstri fjallask\u00e1la v\u00ed\u00f0a um land. Jafnframt me\u00f0 vi\u00f0amiklu \u00fatg\u00e1fustarfi, merkingu g\u00f6ngulei\u00f0a og uppl\u00fdsingagj\u00f6f.&nbsp; Fer\u00f0a\u00e1\u00e6tlun 2025 N\u00e6stu Fer\u00f0ir Vinsamlegast smelli\u00f0 \u00e1 \u00f6rvarnar til h\u00e6gri til [&hellip;]<\/p>","protected":false},"author":3,"featured_media":0,"parent":0,"menu_order":0,"comment_status":"closed","ping_status":"closed","template":"elementor_header_footer","meta":{"footnotes":""},"class_list":["post-447","page","type-page","status-publish","hentry"],"_links":{"self":[{"href":"http:\/\/fi-is.earle.shared.1984.is\/en\/wp-json\/wp\/v2\/pages\/447","targetHints":{"allow":["GET"]}}],"collection":[{"href":"http:\/\/fi-is.earle.shared.1984.is\/en\/wp-json\/wp\/v2\/pages"}],"about":[{"href":"http:\/\/fi-is.earle.shared.1984.is\/en\/wp-json\/wp\/v2\/types\/page"}],"author":[{"embeddable":true,"href":"http:\/\/fi-is.earle.shared.1984.is\/en\/wp-json\/wp\/v2\/users\/3"}],"replies":[{"embeddable":true,"href":"http:\/\/fi-is.earle.shared.1984.is\/en\/wp-json\/wp\/v2\/comments?post=447"}],"version-history":[{"count":25,"href":"http:\/\/fi-is.earle.shared.1984.is\/en\/wp-json\/wp\/v2\/pages\/447\/revisions"}],"predecessor-version":[{"id":515,"href":"http:\/\/fi-is.earle.shared.1984.is\/en\/wp-json\/wp\/v2\/pages\/447\/revisions\/515"}],"wp:attachment":[{"href":"http:\/\/fi-is.earle.shared.1984.is\/en\/wp-json\/wp\/v2\/media?parent=447"}],"curies":[{"name":"wp","href":"https:\/\/api.w.org\/{rel}","templated":true}]}}